{"id":1053,"date":"2024-04-30T14:24:29","date_gmt":"2024-04-30T12:24:29","guid":{"rendered":"https:\/\/sangulinpalace.com\/o-nama\/"},"modified":"2026-04-16T12:49:35","modified_gmt":"2026-04-16T10:49:35","slug":"o-nama","status":"publish","type":"page","link":"https:\/\/sangulinpalace.com\/hr\/o-nama\/","title":{"rendered":"O nama"},"content":{"rendered":"\t\t<div data-elementor-type=\"wp-page\" data-elementor-id=\"1053\" class=\"elementor elementor-1053 elementor-673\" data-elementor-post-type=\"page\">\n\t\t\t\t\t\t<section class=\"elementor-section elementor-top-section elementor-element elementor-element-3fabe45f elementor-section-boxed elementor-section-height-default elementor-section-height-default\" data-id=\"3fabe45f\" data-element_type=\"section\" data-settings=\"{&quot;background_background&quot;:&quot;classic&quot;}\">\n\t\t\t\t\t\t\t<div class=\"elementor-background-overlay\"><\/div>\n\t\t\t\t\t\t\t<div class=\"elementor-container elementor-column-gap-default\">\n\t\t\t\t\t<div class=\"elementor-column elementor-col-100 elementor-top-column elementor-element elementor-element-64fb1bd4\" data-id=\"64fb1bd4\" data-element_type=\"column\">\n\t\t\t<div class=\"elementor-widget-wrap elementor-element-populated\">\n\t\t\t\t\t\t<div class=\"elementor-element elementor-element-58795d12 elementor-widget elementor-widget-heading\" data-id=\"58795d12\" data-element_type=\"widget\" data-widget_type=\"heading.default\">\n\t\t\t\t<div class=\"elementor-widget-container\">\n\t\t\t<h1 class=\"elementor-heading-title elementor-size-default\">O nama<\/h1>\t\t<\/div>\n\t\t\t\t<\/div>\n\t\t\t\t\t<\/div>\n\t\t<\/div>\n\t\t\t\t\t<\/div>\n\t\t<\/section>\n\t\t\t\t<section class=\"elementor-section elementor-top-section elementor-element elementor-element-7dab568f elementor-section-content-middle elementor-reverse-tablet elementor-section-boxed elementor-section-height-default elementor-section-height-default\" data-id=\"7dab568f\" data-element_type=\"section\">\n\t\t\t\t\t\t<div class=\"elementor-container elementor-column-gap-default\">\n\t\t\t\t\t<div class=\"elementor-column elementor-col-100 elementor-top-column elementor-element elementor-element-22b1e942\" data-id=\"22b1e942\" data-element_type=\"column\">\n\t\t\t<div class=\"elementor-widget-wrap elementor-element-populated\">\n\t\t\t\t\t\t<div class=\"elementor-element elementor-element-58a3e253 elementor-widget elementor-widget-heading\" data-id=\"58a3e253\" data-element_type=\"widget\" data-widget_type=\"heading.default\">\n\t\t\t\t<div class=\"elementor-widget-container\">\n\t\t\t<h2 class=\"elementor-heading-title elementor-size-default\">Na\u0161a pri\u010da<\/h2>\t\t<\/div>\n\t\t\t\t<\/div>\n\t\t\t\t<div class=\"elementor-element elementor-element-185d7416 elementor-widget-divider--view-line elementor-widget elementor-widget-divider\" data-id=\"185d7416\" data-element_type=\"widget\" data-widget_type=\"divider.default\">\n\t\t\t\t<div class=\"elementor-widget-container\">\n\t\t\t\t\t<div class=\"elementor-divider\">\n\t\t\t<span class=\"elementor-divider-separator\">\n\t\t\t\t\t\t<\/span>\n\t\t<\/div>\n\t\t\t\t<\/div>\n\t\t\t\t<\/div>\n\t\t\t\t<div class=\"elementor-element elementor-element-71eed81c elementor-widget elementor-widget-text-editor\" data-id=\"71eed81c\" data-element_type=\"widget\" data-widget_type=\"text-editor.default\">\n\t\t\t\t<div class=\"elementor-widget-container\">\n\t\t\t\t\t\t\t<p>\u0160angulin Palace Hotel nalazi se na samoj obali u sredi\u0161tu biogradskog poluotoka s najljep\u0161im pogledom na jadranski arhipelag. Interijer je dizajniran spojem moderne udobnosti i dalmatinskog \u0161arma, pru\u017eaju\u0107i vam mirno uto\u010di\u0161te za opu\u0161tanje nakon dana istra\u017eivanja najbli\u017eih atrakcija.<\/p>\n<p>Na\u0161e luksuzne sobe s uklju\u010denim doru\u010dkom tako\u0111er nude uslugu brze prijave i odjave, parkirali\u0161te i stabilnu Wi-Fi vezu. Sve na\u0161e sobe su klimatizirane i opremljene podnim grijanjem, \u0161to vam omogu\u0107uje \u017eeljenu temperaturu ljeti i zimi. Sobe su dizajnirane da zadovolje sve va\u0161e potrebe, bilo da boravite na odmoru ili poslovno.<\/p>\n<div id=\"highlighter--hover-tools\" style=\"display: none;\">\n<div id=\"highlighter--hover-tools--container\">\n<div class=\"highlighter--icon highlighter--icon-copy\" title=\"Copy\">&nbsp;<\/div>\n<div class=\"highlighter--icon highlighter--icon-change-color\" title=\"Change Color\">&nbsp;<\/div>\n<div class=\"highlighter--icon highlighter--icon-delete\" title=\"Delete\">&nbsp;<\/div>\n<\/div>\n<\/div>\n<div id=\"highlighter--hover-tools\" style=\"display: none;\">\n<div id=\"highlighter--hover-tools--container\">\n<div class=\"highlighter--icon highlighter--icon-copy\" title=\"Copy\">&nbsp;<\/div>\n<div class=\"highlighter--icon highlighter--icon-change-color\" title=\"Change Color\">&nbsp;<\/div>\n<div class=\"highlighter--icon highlighter--icon-delete\" title=\"Delete\">&nbsp;<\/div>\n<\/div>\n<\/div>\n<div id=\"highlighter--hover-tools\" style=\"display: none;\">\n<div id=\"highlighter--hover-tools--container\">\n<div class=\"highlighter--icon highlighter--icon-copy\" title=\"Copy\">&nbsp;<\/div>\n<div class=\"highlighter--icon highlighter--icon-change-color\" title=\"Change Color\">&nbsp;<\/div>\n<div class=\"highlighter--icon highlighter--icon-delete\" title=\"Delete\">&nbsp;<\/div>\n<\/div>\n<\/div>\n<div id=\"highlighter--hover-tools\" style=\"display: none;\">\n<div id=\"highlighter--hover-tools--container\">\n<div class=\"highlighter--icon highlighter--icon-copy\" title=\"Copy\">&nbsp;<\/div>\n<div class=\"highlighter--icon highlighter--icon-change-color\" title=\"Change Color\">&nbsp;<\/div>\n<div class=\"highlighter--icon highlighter--icon-delete\" title=\"Delete\">&nbsp;<\/div>\n<\/div>\n<\/div>\t\t\t\t\t\t<\/div>\n\t\t\t\t<\/div>\n\t\t\t\t\t<\/div>\n\t\t<\/div>\n\t\t\t\t\t<\/div>\n\t\t<\/section>\n\t\t\t\t<\/div>\n\t\t","protected":false},"excerpt":{"rendered":"<p>Na\u0161a pri\u010da \u0160angulin Palace Hotel nalazi se na samoj obali u sredi\u0161tu biogradskog poluotoka s najljep\u0161im pogledom na jadranski arhipelag. Interijer je dizajniran spojem moderne udobnosti i dalmatinskog \u0161arma, pru\u017eaju\u0107i vam mirno uto\u010di\u0161te za opu\u0161tanje nakon dana istra\u017eivanja najbli\u017eih atrakcija. Na\u0161e luksuzne sobe s uklju\u010denim doru\u010dkom tako\u0111er nude uslugu brze prijave i odjave, parkirali\u0161te i [&hellip;]<\/p>\n","protected":false},"author":1,"featured_media":0,"parent":0,"menu_order":0,"comment_status":"closed","ping_status":"closed","template":"elementor_header_footer","meta":{"site-sidebar-layout":"no-sidebar","site-content-layout":"page-builder","ast-site-content-layout":"full-width-container","site-content-style":"default","site-sidebar-style":"default","ast-global-header-display":"","ast-banner-title-visibility":"","ast-main-header-display":"","ast-hfb-above-header-display":"","ast-hfb-below-header-display":"","ast-hfb-mobile-header-display":"","site-post-title":"disabled","ast-breadcrumbs-content":"","ast-featured-img":"disabled","footer-sml-layout":"","theme-transparent-header-meta":"","adv-header-id-meta":"","stick-header-meta":"","header-above-stick-meta":"","header-main-stick-meta":"","header-below-stick-meta":"","astra-migrate-meta-layouts":"default","ast-page-background-enabled":"default","ast-page-background-meta":{"desktop":{"background-color":"var(--ast-global-color-4)","background-image":"","background-repeat":"repeat","background-position":"center center","background-size":"auto","background-attachment":"scroll","background-type":"","background-media":"","overlay-type":"","overlay-color":"","overlay-gradient":""},"tablet":{"background-color":"","background-image":"","background-repeat":"repeat","background-position":"center center","background-size":"auto","background-attachment":"scroll","background-type":"","background-media":"","overlay-type":"","overlay-color":"","overlay-gradient":""},"mobile":{"background-color":"","background-image":"","background-repeat":"repeat","background-position":"center center","background-size":"auto","background-attachment":"scroll","background-type":"","background-media":"","overlay-type":"","overlay-color":"","overlay-gradient":""}},"ast-content-background-meta":{"desktop":{"background-color":"var(--ast-global-color-5)","background-image":"","background-repeat":"repeat","background-position":"center center","background-size":"auto","background-attachment":"scroll","background-type":"","background-media":"","overlay-type":"","overlay-color":"","overlay-gradient":""},"tablet":{"background-color":"var(--ast-global-color-5)","background-image":"","background-repeat":"repeat","background-position":"center center","background-size":"auto","background-attachment":"scroll","background-type":"","background-media":"","overlay-type":"","overlay-color":"","overlay-gradient":""},"mobile":{"background-color":"var(--ast-global-color-5)","background-image":"","background-repeat":"repeat","background-position":"center center","background-size":"auto","background-attachment":"scroll","background-type":"","background-media":"","overlay-type":"","overlay-color":"","overlay-gradient":""}},"footnotes":""},"_links":{"self":[{"href":"https:\/\/sangulinpalace.com\/hr\/wp-json\/wp\/v2\/pages\/1053"}],"collection":[{"href":"https:\/\/sangulinpalace.com\/hr\/wp-json\/wp\/v2\/pages"}],"about":[{"href":"https:\/\/sangulinpalace.com\/hr\/wp-json\/wp\/v2\/types\/page"}],"author":[{"embeddable":true,"href":"https:\/\/sangulinpalace.com\/hr\/wp-json\/wp\/v2\/users\/1"}],"replies":[{"embeddable":true,"href":"https:\/\/sangulinpalace.com\/hr\/wp-json\/wp\/v2\/comments?post=1053"}],"version-history":[{"count":4,"href":"https:\/\/sangulinpalace.com\/hr\/wp-json\/wp\/v2\/pages\/1053\/revisions"}],"predecessor-version":[{"id":1571,"href":"https:\/\/sangulinpalace.com\/hr\/wp-json\/wp\/v2\/pages\/1053\/revisions\/1571"}],"wp:attachment":[{"href":"https:\/\/sangulinpalace.com\/hr\/wp-json\/wp\/v2\/media?parent=1053"}],"curies":[{"name":"wp","href":"https:\/\/api.w.org\/{rel}","templated":true}]}}