{"id":1126,"date":"2021-12-31T02:28:24","date_gmt":"2021-12-31T01:28:24","guid":{"rendered":"https:\/\/sangulinpalace.com\/pravila-o-privatnosti\/"},"modified":"2026-04-15T09:41:56","modified_gmt":"2026-04-15T07:41:56","slug":"pravila-o-privatnosti","status":"publish","type":"page","link":"https:\/\/sangulinpalace.com\/hr\/pravila-o-privatnosti\/","title":{"rendered":"Pravila o privatnosti"},"content":{"rendered":"\t\t<div data-elementor-type=\"wp-page\" data-elementor-id=\"1126\" class=\"elementor elementor-1126 elementor-78\" data-elementor-post-type=\"page\">\n\t\t\t\t\t\t<section class=\"elementor-section elementor-top-section elementor-element elementor-element-04fa73d elementor-section-boxed elementor-section-height-default elementor-section-height-default\" data-id=\"04fa73d\" data-element_type=\"section\">\n\t\t\t\t\t\t<div class=\"elementor-container elementor-column-gap-default\">\n\t\t\t\t\t<div class=\"elementor-column elementor-col-100 elementor-top-column elementor-element elementor-element-845731c\" data-id=\"845731c\" data-element_type=\"column\">\n\t\t\t<div class=\"elementor-widget-wrap elementor-element-populated\">\n\t\t\t\t\t\t<div class=\"elementor-element elementor-element-5b49147 elementor-widget elementor-widget-text-editor\" data-id=\"5b49147\" data-element_type=\"widget\" data-widget_type=\"text-editor.default\">\n\t\t\t\t<div class=\"elementor-widget-container\">\n\t\t\t\t\t\t\t<h3><strong>Pravila o privatnosti<\/strong><\/h3>\n<div><strong><br><\/strong><\/div>\n<p style=\"line-height:150%\"><span style=\"font-family:&quot;Lucida Bright&quot;,serif\">\u0160ANGULIN d.o.o., Kraljice Jelene 3, 23210 Biograd na Moru,&nbsp;<\/span><span style=\"font-family: &quot;Lucida Bright&quot;,serif;mso-bidi-font-family:Calibri;mso-bidi-theme-font:minor-latin\"><o:p><\/o:p><\/span><span style=\"font-family: &quot;Lucida Bright&quot;, serif; font-style: inherit; font-weight: inherit;\">OIB:52945228571<\/span><\/p><div><span style=\"font-family: &quot;Lucida Bright&quot;, serif; font-style: inherit; font-weight: inherit;\"><br><\/span><\/div>\n<p>U sklopu na\u0161e djelatnosti prikupljamo i obra\u0111ujemo osobne podatke koje nam dostave klijenti. Budu\u0107i da nam je za\u0161tita va\u0161e privatnosti prioritet, donijeli smo sljede\u0107a Pravila o privatnosti.<\/p>\n<p>\u0160angulin d.o.o. se dr\u017ei sljede\u0107ih na\u010dela s ciljem za\u0161tite Va\u0161e privatnosti:<br>\u2022 Ne prikupljamo vi\u0161e informacija nego \u0161to je potrebno;<br>\u2022 Va\u0161e podatke ne koristimo u svrhe koje nisu navedene;<br>\u2022 Ne \u010duvamo Va\u0161e podatke ako vi\u0161e nije potrebno;<br>\u2022 Nikada ne prodajemo, posu\u0111ujemo ili distribuiramo niti javno objavljujemo Va\u0161e osobne podatke;<br>\u2022 Va\u0161e podatke ne \u0161aljemo tre\u0107im stranama;<br>\u2022 Ne koristimo nikakvu automatiziranu obradu i dono\u0161enje odluka niti profiliranje;<br>\u2022 Va\u0161e osobne podatke ne prenosimo u tre\u0107u zemlju ili me\u0111unarodnu organizaciju;<br>\u2022 Tako\u0111er provjeravamo da su Va\u0161i podaci sigurno pohranjeni.<\/p>\n<p><span style=\"font-weight: inherit; font-size: 11pt; line-height: 107%; font-family: &quot;Lucida Bright&quot;, serif;\">Tvrtka \u0160angulin d.o.o. koja upravlja \u0160angulin Palace Hotelom prikuplja samo ograni<\/span><span style=\"font-weight: inherit; font-size: 11pt; line-height: 107%; font-family: Calibri, sans-serif;\">\u010d<\/span><span style=\"font-weight: inherit; font-size: 11pt; line-height: 107%; font-family: &quot;Lucida Bright&quot;, serif;\">enu koli<\/span><span style=\"font-weight: inherit; font-size: 11pt; line-height: 107%; font-family: Calibri, sans-serif;\">\u010d<\/span><span style=\"font-weight: inherit; font-size: 11pt; line-height: 107%; font-family: &quot;Lucida Bright&quot;, serif;\">inu podataka o vama koja je nu<\/span><span style=\"font-weight: inherit; font-size: 11pt; line-height: 107%; font-family: Calibri, sans-serif;\">\u017e<\/span><span style=\"font-weight: inherit; font-size: 11pt; line-height: 107%; font-family: &quot;Lucida Bright&quot;, serif;\">na za odgovor na va<\/span><span style=\"font-weight: inherit; font-size: 11pt; line-height: 107%; font-family: &quot;Lucida Bright&quot;, serif;\">\u0161<\/span><span style=\"font-weight: inherit; font-size: 11pt; line-height: 107%; font-family: &quot;Lucida Bright&quot;, serif;\"> zahtjev, te se nadamo da smo uspostavili dugoro<\/span><span style=\"font-weight: inherit; font-size: 11pt; line-height: 107%; font-family: Calibri, sans-serif;\">\u010d<\/span><span style=\"font-weight: inherit; font-size: 11pt; line-height: 107%; font-family: &quot;Lucida Bright&quot;, serif;\">an i vjerodostojan poslovni odnos.<\/span><\/p>\n<p style=\"line-height:150%\"><span style=\"font-family:&quot;Lucida Bright&quot;,serif; mso-bidi-font-family:Calibri;mso-bidi-theme-font:minor-latin\">Ovu Politiku privatnosti izradili smo s ciljem da vam pomognemo razumjeti koje podatke prikupljamo, u koju svrhu ih koristimo i kako mo<\/span>\u017e<span style=\"font-family:&quot;Lucida Bright&quot;,serif;mso-bidi-font-family:Calibri; mso-bidi-theme-font:minor-latin\">ete ostvariti svoja prava.<o:p><\/o:p><\/span><\/p>\n<p><span style=\"font-style: inherit; font-weight: inherit;\">Va\u017eno je pro\u010ditati na\u0161a Pravila o privatnosti i nadamo se da \u0107ete izdvojiti vrijeme i Va\u0161u pozornost.<\/span><\/p>\n<p>&nbsp;<\/p>\n<p><strong>Kako i koje podatke prikupljamo?<\/strong><\/p>\n<p>Kada nas kontaktirate putem na\u0161eg web obrasca za kontakt ili izravno putem na\u0161e e-mail adrese. Informacije koje ispunite (osobne informacije kao \u0161to su Va\u0161e ime, adresa e-po\u0161te, broj telefona) ili po\u0161aljete izravnom porukom e-po\u0161te biti \u0107e obra\u0111ene i pohranjene kako bismo vas mogli kontaktirati i odgovoriti na Va\u0161 zahtjev. Ako ste mla\u0111i od 16 godina morate prilo\u017eiti suglasnost roditelja ili nositelja prije davanja osobnih podataka. Popunjavaju\u0107i obrasce za kontakt na na\u0161oj stranici ili nas kontaktiraju\u0107i izravno putem e-mail po\u0161te jam\u010dite da su informacije koje ste prilo\u017eili to\u010dne te da ste u cijelosti suglasni s odredbama na\u0161ih Pravila o privatnosti i u njima navedenim uvjetima.<\/p>\n<p><strong>Podaci o voditelju obrade&nbsp;<\/strong><\/p>\n<p><span style=\"font-family: &quot;Lucida Bright&quot;, serif; font-style: inherit; font-weight: inherit;\">Voditelj obrade ove web stranice i va\u0161ih osobnih podataka je tvrtka \u0160angulin d.o.o., Kraljice Jelene 3, 23210 Biograd na Moru koja upravlja \u0160angulin Palace Hotelom, Obala kralja P., Ulica kralja Petra Kre\u0161imira IV br. 3, 23210 Biograd na Moru.<\/span><span style=\"font-style: inherit; font-weight: inherit;\">&nbsp;<\/span><\/p>\n<p><b>Svrha i pravna osnova prikupljanja podataka<\/b><\/p>\n<p style=\"line-height:150%\"><span style=\"font-family:&quot;Lucida Bright&quot;,serif; mso-bidi-font-family:Calibri;mso-bidi-theme-font:minor-latin\">Poduzimanje odgovaraju<\/span>\u0107<span style=\"font-family:&quot;Lucida Bright&quot;,serif; mso-bidi-font-family:Calibri;mso-bidi-theme-font:minor-latin\">ih radnji na va<\/span><span style=\"font-family:&quot;Lucida Bright&quot;,serif;mso-bidi-font-family:&quot;Lucida Bright&quot;\">\u0161<\/span><span style=\"font-family:&quot;Lucida Bright&quot;,serif;mso-bidi-font-family:Calibri; mso-bidi-theme-font:minor-latin\"> zahtjev prije sklapanja poslovnog odnosa, na temelju poslovne djelatnosti dru<\/span><span style=\"font-family:&quot;Lucida Bright&quot;,serif; mso-bidi-font-family:&quot;Lucida Bright&quot;\">\u0161<\/span><span style=\"font-family:&quot;Lucida Bright&quot;,serif; mso-bidi-font-family:Calibri;mso-bidi-theme-font:minor-latin\">tva i njegovih legitimnih interesa.<\/span><\/p>\n<p><strong>Koliko dugo \u010duvamo va\u0161e podatke?<\/strong><\/p>\n<p style=\"line-height:150%\"><span style=\"font-family:&quot;Lucida Bright&quot;,serif; mso-bidi-font-family:Calibri;mso-bidi-theme-font:minor-latin\">Va\u0161e osobne<br>podatke <\/span>\u010d<span style=\"font-family:&quot;Lucida Bright&quot;,serif; mso-bidi-font-family:Calibri;mso-bidi-theme-font:minor-latin\">uvamo onoliko<br>dugo koliko traje komunikacija u svrhu uspostave poslovne suradnje, kao i za<br>vrijeme trajanja ugovornog odnosa.<\/span><\/p>\n<p><strong>Kako koristimo va\u0161e podatke?<\/strong><\/p>\n<p style=\"line-height:150%\"><span style=\"font-family:&quot;Lucida Bright&quot;,serif; mso-bidi-font-family:Calibri;mso-bidi-theme-font:minor-latin\">Prikupljamo va\u0161e<br>podatke kako bismo vas mogli kontaktirati i odgovoriti na va\u0161 upit. Va\u0161e osobne<br>podatke koristimo u svrhu uspostave poslovnog odnosa te tijekom trajanja<br>ugovornog odnosa. Tijekom tog razdoblja \u0160angulin Palace mo<\/span>\u017e<span style=\"font-family:&quot;Lucida Bright&quot;,serif;mso-bidi-font-family: Calibri;mso-bidi-theme-font:minor-latin\">e vam slati obavijesti o novim<br>proizvodima i uslugama za koje smatramo da bi vas mogli zanimati, ako ste za to<br>dali privolu putem web obrasca. Privolu mo<\/span>\u017e<span style=\"font-family:&quot;Lucida Bright&quot;,serif;mso-bidi-font-family:Calibri; mso-bidi-theme-font:minor-latin\">ete u bilo kojem trenutku povu<\/span>\u0107<span style=\"font-family:&quot;Lucida Bright&quot;,serif;mso-bidi-font-family: Calibri;mso-bidi-theme-font:minor-latin\">i, nakon <\/span>\u010d<span style=\"font-family:&quot;Lucida Bright&quot;,serif;mso-bidi-font-family: Calibri;mso-bidi-theme-font:minor-latin\">ega <\/span>\u0107<span style=\"font-family:&quot;Lucida Bright&quot;,serif;mso-bidi-font-family:Calibri; mso-bidi-theme-font:minor-latin\">emo prestati s tom obradom.<\/span><\/p>\n<p><strong>Google Analytics<\/strong><\/p>\n<p style=\"line-height:150%\"><span style=\"font-family:&quot;Lucida Bright&quot;,serif; mso-bidi-font-family:Calibri;mso-bidi-theme-font:minor-latin\">Prilikom prikupljanja podataka mogu<\/span>\u0107<span style=\"font-family:&quot;Lucida Bright&quot;,serif;mso-bidi-font-family:Calibri; mso-bidi-theme-font:minor-latin\">e je da se odre<\/span>\u0111<span style=\"font-family:&quot;Lucida Bright&quot;,serif;mso-bidi-font-family:Calibri; mso-bidi-theme-font:minor-latin\">eni podaci pohranjuju putem platforme Google Analytics. Vi<\/span><span style=\"font-family:&quot;Lucida Bright&quot;,serif;mso-bidi-font-family: &quot;Lucida Bright&quot;\">\u0161<\/span><span style=\"font-family:&quot;Lucida Bright&quot;,serif; mso-bidi-font-family:Calibri;mso-bidi-theme-font:minor-latin\">e informacija o njihovoj politici privatnosti dostupno je na: https:\/\/policies.google.com\/privacy&nbsp;<\/span><\/p>\n<p><b>Sigurnost podataka<\/b><\/p>\n<p><span style=\"font-style: inherit; font-weight: inherit; font-family: &quot;Lucida Bright&quot;, serif;\">Poduzeli smo odgovaraju<\/span><span style=\"font-style: inherit; font-weight: inherit;\">\u0107<\/span><span style=\"font-style: inherit; font-weight: inherit; font-family: &quot;Lucida Bright&quot;, serif;\">e sigurnosne mjere kako bismo za<\/span><span style=\"font-style: inherit; font-weight: inherit; font-family: &quot;Lucida Bright&quot;, serif;\">\u0161<\/span><span style=\"font-style: inherit; font-weight: inherit; font-family: &quot;Lucida Bright&quot;, serif;\">titili va<\/span><span style=\"font-style: inherit; font-weight: inherit; font-family: &quot;Lucida Bright&quot;, serif;\">\u0161<\/span><span style=\"font-style: inherit; font-weight: inherit; font-family: &quot;Lucida Bright&quot;, serif;\">e osobne podatke od slu<\/span><span style=\"font-style: inherit; font-weight: inherit;\">\u010d<\/span><span style=\"font-style: inherit; font-weight: inherit; font-family: &quot;Lucida Bright&quot;, serif;\">ajnog ili nezakonitog uni<\/span><span style=\"font-style: inherit; font-weight: inherit; font-family: &quot;Lucida Bright&quot;, serif;\">\u0161<\/span><span style=\"font-style: inherit; font-weight: inherit; font-family: &quot;Lucida Bright&quot;, serif;\">tenja, gubitka, izmjene, neovla<\/span><span style=\"font-style: inherit; font-weight: inherit; font-family: &quot;Lucida Bright&quot;, serif;\">\u0161<\/span><span style=\"font-style: inherit; font-weight: inherit; font-family: &quot;Lucida Bright&quot;, serif;\">tenog otkrivanja ili pristupa.<\/span>&nbsp;<\/p>\n<p><b>Poslu\u017eitelj web stranice<\/b><\/p>\n<p><span style=\"font-style: inherit; font-weight: inherit; font-family: &quot;Lucida Bright&quot;, serif;\">Ova web stranica smje\u0161tena je kod globalno poznatog pru<\/span><span style=\"font-style: inherit; font-weight: inherit;\">\u017e<\/span><span style=\"font-style: inherit; font-weight: inherit; font-family: &quot;Lucida Bright&quot;, serif;\">atelja usluga u EU, konkretno u Njema<\/span><span style=\"font-style: inherit; font-weight: inherit;\">\u010d<\/span><span style=\"font-style: inherit; font-weight: inherit; font-family: &quot;Lucida Bright&quot;, serif;\">koj. Europska komisija smatra da takvi pru<\/span><span style=\"font-style: inherit; font-weight: inherit;\">\u017e<\/span><span style=\"font-style: inherit; font-weight: inherit; font-family: &quot;Lucida Bright&quot;, serif;\">atelji<br>osiguravaju odgovaraju<\/span><span style=\"font-style: inherit; font-weight: inherit;\">\u0107<\/span><span style=\"font-style: inherit; font-weight: inherit; font-family: &quot;Lucida Bright&quot;, serif;\">u razinu za<\/span><span style=\"font-style: inherit; font-weight: inherit; font-family: &quot;Lucida Bright&quot;, serif;\">\u0161<\/span><span style=\"font-style: inherit; font-weight: inherit; font-family: &quot;Lucida Bright&quot;, serif;\">tite osobnih podataka gra<\/span><span style=\"font-style: inherit; font-weight: inherit;\">\u0111<\/span><span style=\"font-style: inherit; font-weight: inherit; font-family: &quot;Lucida Bright&quot;, serif;\">ana EU.<\/span><span style=\"font-style: inherit; font-weight: inherit;\">&nbsp;<\/span><\/p>\n<p><strong>Kola\u010di\u0107i<\/strong><\/p>\n<p>Kako bismo olak\u0161ali pregledavanje na\u0161ih internetskih stranica, na\u0161 poslu\u017eitelj globalne mre\u017ee koristi kola\u010di\u0107e. Kola\u010di\u0107i se ne mogu koristiti za pokretanje programa ili postavljanje virusa na Va\u0161e ra\u010dunalo. Pregled na\u0161ih stranica mogu\u0107 je i bez uporabe kola\u010di\u0107a, ako je va\u0161 internetski preglednik tako postavljen.<\/p>\n<p><strong>Va\u0161a prava<\/strong><\/p>\n<p>Imate pravo na informacije o obradi Va\u0161ih osobnih podataka, povla\u010denje svoje privole u bilo koje vrijeme, ispravak ili dopunu Va\u0161ih osobnih podataka kako bi uvijek bili to\u010dni, brisanje Va\u0161ih osobnih podataka kada vi\u0161e nisu potrebni za gore navedene svrhe, prijenos Va\u0161ih osobnih podataka u strukturiranom obliku te podno\u0161enje prigovora \u0160angulin Palace na Obala kralja P Ulica Kralja Petra Kresimira IV br 3, 23210 Biograd na Moru ili na info@sangulinpalace.com ili nadle\u017enom dr\u017eavnom tijelu.<\/p>\n<p><strong>Va\u0161a privola<\/strong><\/p>\n<p>Kori\u0161tenjem ove web stranice dajete privolu na ovu politiku privatnosti, tj. dajete izri\u010ditu privolu \u0160angulin Palace da prikuplja i dalje obra\u0111uje va\u0161e osobne podatke, kao i sve druge podatke za koje sazna pru\u017eanjem svojih usluga sukladno zakonskim propisima, a sve u skladu s definiranom svrhom u ovim pravilima. Tako\u0111er potvr\u0111ujete da ste upoznati sa svim bitnim podacima o \u0160angulin Palace i uslugama koje pru\u017ea.<\/p>\n<p><strong>Pravo na tu\u017ebu nadle\u017enom tijelu<\/strong><\/p>\n<p><span style=\"font-style: inherit; font-weight: inherit; font-family: &quot;Lucida Bright&quot;, serif;\">U bilo kojem trenutku mo<\/span><span style=\"font-style: inherit; font-weight: inherit;\">\u017e<\/span><span style=\"font-style: inherit; font-weight: inherit; font-family: &quot;Lucida Bright&quot;, serif;\">ete podnijeti pritu<\/span><span style=\"font-style: inherit; font-weight: inherit;\">\u017e<\/span><span style=\"font-style: inherit; font-weight: inherit; font-family: &quot;Lucida Bright&quot;, serif;\">bu nadzornom tijelu: Agencija za za<\/span><span style=\"font-style: inherit; font-weight: inherit; font-family: &quot;Lucida Bright&quot;, serif;\">\u0161<\/span><span style=\"font-style: inherit; font-weight: inherit; font-family: &quot;Lucida Bright&quot;, serif;\">titu osobnih podataka (AZOP), Marti<\/span><span style=\"font-style: inherit; font-weight: inherit;\">\u0107<\/span><span style=\"font-style: inherit; font-weight: inherit; font-family: &quot;Lucida Bright&quot;, serif;\">eva 14, Zagreb, tel: +385 (0) 14609 999, e-mail: <\/span><a href=\"mailto:azop@azop.hr\" style=\"font-style: inherit; font-weight: inherit; background-color: rgb(245, 245, 245);\"><span style=\"font-family:&quot;Lucida Bright&quot;,serif; mso-bidi-font-family:Calibri;mso-bidi-theme-font:minor-latin\">azop@azop.hr<\/span><\/a><span style=\"font-style: inherit; font-weight: inherit; font-family: &quot;Lucida Bright&quot;, serif;\">, &nbsp;www.azop.hr<\/span><span style=\"font-style: inherit; font-weight: inherit;\">&nbsp;<\/span><\/p>\n<p><strong>Povreda osobnih podataka<\/strong><\/p>\n<p>O svakoj nezakonitoj povredi podataka izvijestiti \u0107emo AZOP kao nadle\u017eno tijelo za za\u0161titu podataka.<\/p>\n<p><b>Izmjene politike privatnosti<\/b><\/p>\n<p style=\"line-height:150%\"><span style=\"font-family:&quot;Lucida Bright&quot;,serif; mso-bidi-font-family:Calibri;mso-bidi-theme-font:minor-latin\">U slu<\/span>\u010d<span style=\"font-family:&quot;Lucida Bright&quot;,serif;mso-bidi-font-family: Calibri;mso-bidi-theme-font:minor-latin\">aju izmjena ove Politike privatnosti,<br>obavijestit <\/span>\u0107<span style=\"font-family:&quot;Lucida Bright&quot;,serif; mso-bidi-font-family:Calibri;mso-bidi-theme-font:minor-latin\">emo vas na ovoj<br>stranici te a<\/span>\u017e<span style=\"font-family:&quot;Lucida Bright&quot;,serif; mso-bidi-font-family:Calibri;mso-bidi-theme-font:minor-latin\">urirati datum<br>izmjene.<o:p><\/o:p><\/span><\/p>\n<p>Ova Pravila o privatnosti a\u017eurirana su 14.04.2026.<\/p>\t\t\t\t\t\t<\/div>\n\t\t\t\t<\/div>\n\t\t\t\t\t<\/div>\n\t\t<\/div>\n\t\t\t\t\t<\/div>\n\t\t<\/section>\n\t\t\t\t<\/div>\n\t\t","protected":false},"excerpt":{"rendered":"<p>Pravila o privatnosti \u0160ANGULIN d.o.o., Kraljice Jelene 3, 23210 Biograd na Moru,&nbsp;OIB:52945228571 U sklopu na\u0161e djelatnosti prikupljamo i obra\u0111ujemo osobne podatke koje nam dostave klijenti. Budu\u0107i da nam je za\u0161tita va\u0161e privatnosti prioritet, donijeli smo sljede\u0107a Pravila o privatnosti. \u0160angulin d.o.o. se dr\u017ei sljede\u0107ih na\u010dela s ciljem za\u0161tite Va\u0161e privatnosti:\u2022 Ne prikupljamo vi\u0161e informacija nego [&hellip;]<\/p>\n","protected":false},"author":1,"featured_media":0,"parent":0,"menu_order":0,"comment_status":"closed","ping_status":"closed","template":"elementor_header_footer","meta":{"site-sidebar-layout":"no-sidebar","site-content-layout":"page-builder","ast-site-content-layout":"full-width-container","site-content-style":"unboxed","site-sidebar-style":"unboxed","ast-global-header-display":"","ast-banner-title-visibility":"","ast-main-header-display":"","ast-hfb-above-header-display":"","ast-hfb-below-header-display":"","ast-hfb-mobile-header-display":"","site-post-title":"disabled","ast-breadcrumbs-content":"","ast-featured-img":"disabled","footer-sml-layout":"","theme-transparent-header-meta":"","adv-header-id-meta":"","stick-header-meta":"","header-above-stick-meta":"","header-main-stick-meta":"","header-below-stick-meta":"","astra-migrate-meta-layouts":"default","ast-page-background-enabled":"default","ast-page-background-meta":{"desktop":{"background-color":"var(--ast-global-color-4)","background-image":"","background-repeat":"repeat","background-position":"center center","background-size":"auto","background-attachment":"scroll","background-type":"","background-media":"","overlay-type":"","overlay-color":"","overlay-gradient":""},"tablet":{"background-color":"","background-image":"","background-repeat":"repeat","background-position":"center center","background-size":"auto","background-attachment":"scroll","background-type":"","background-media":"","overlay-type":"","overlay-color":"","overlay-gradient":""},"mobile":{"background-color":"","background-image":"","background-repeat":"repeat","background-position":"center center","background-size":"auto","background-attachment":"scroll","background-type":"","background-media":"","overlay-type":"","overlay-color":"","overlay-gradient":""}},"ast-content-background-meta":{"desktop":{"background-color":"var(--ast-global-color-5)","background-image":"","background-repeat":"repeat","background-position":"center center","background-size":"auto","background-attachment":"scroll","background-type":"","background-media":"","overlay-type":"","overlay-color":"","overlay-gradient":""},"tablet":{"background-color":"var(--ast-global-color-5)","background-image":"","background-repeat":"repeat","background-position":"center center","background-size":"auto","background-attachment":"scroll","background-type":"","background-media":"","overlay-type":"","overlay-color":"","overlay-gradient":""},"mobile":{"background-color":"var(--ast-global-color-5)","background-image":"","background-repeat":"repeat","background-position":"center center","background-size":"auto","background-attachment":"scroll","background-type":"","background-media":"","overlay-type":"","overlay-color":"","overlay-gradient":""}},"footnotes":""},"_links":{"self":[{"href":"https:\/\/sangulinpalace.com\/hr\/wp-json\/wp\/v2\/pages\/1126"}],"collection":[{"href":"https:\/\/sangulinpalace.com\/hr\/wp-json\/wp\/v2\/pages"}],"about":[{"href":"https:\/\/sangulinpalace.com\/hr\/wp-json\/wp\/v2\/types\/page"}],"author":[{"embeddable":true,"href":"https:\/\/sangulinpalace.com\/hr\/wp-json\/wp\/v2\/users\/1"}],"replies":[{"embeddable":true,"href":"https:\/\/sangulinpalace.com\/hr\/wp-json\/wp\/v2\/comments?post=1126"}],"version-history":[{"count":13,"href":"https:\/\/sangulinpalace.com\/hr\/wp-json\/wp\/v2\/pages\/1126\/revisions"}],"predecessor-version":[{"id":1512,"href":"https:\/\/sangulinpalace.com\/hr\/wp-json\/wp\/v2\/pages\/1126\/revisions\/1512"}],"wp:attachment":[{"href":"https:\/\/sangulinpalace.com\/hr\/wp-json\/wp\/v2\/media?parent=1126"}],"curies":[{"name":"wp","href":"https:\/\/api.w.org\/{rel}","templated":true}]}}