{"id":1651,"date":"2026-04-17T15:52:01","date_gmt":"2026-04-17T13:52:01","guid":{"rendered":"https:\/\/sangulinpalace.com\/terms-and-conditions\/"},"modified":"2026-04-18T17:47:46","modified_gmt":"2026-04-18T15:47:46","slug":"terms-and-conditions","status":"publish","type":"page","link":"https:\/\/sangulinpalace.com\/hr\/terms-and-conditions\/","title":{"rendered":"Uvjeti kori\u0161tenja"},"content":{"rendered":"\t\t<div data-elementor-type=\"wp-page\" data-elementor-id=\"1651\" class=\"elementor elementor-1651 elementor-1645\" data-elementor-post-type=\"page\">\n\t\t\t\t\t\t<section class=\"elementor-section elementor-top-section elementor-element elementor-element-04fa73d elementor-section-boxed elementor-section-height-default elementor-section-height-default\" data-id=\"04fa73d\" data-element_type=\"section\">\n\t\t\t\t\t\t<div class=\"elementor-container elementor-column-gap-default\">\n\t\t\t\t\t<div class=\"elementor-column elementor-col-100 elementor-top-column elementor-element elementor-element-845731c\" data-id=\"845731c\" data-element_type=\"column\">\n\t\t\t<div class=\"elementor-widget-wrap elementor-element-populated\">\n\t\t\t\t\t\t<div class=\"elementor-element elementor-element-5b49147 elementor-widget elementor-widget-text-editor\" data-id=\"5b49147\" data-element_type=\"widget\" data-widget_type=\"text-editor.default\">\n\t\t\t\t<div class=\"elementor-widget-container\">\n\t\t\t\t\t\t\t<p data-start=\"102\" data-end=\"208\"><strong data-start=\"102\" data-end=\"162\">Uvjeti kori\u0161tenja web stranice i op\u0107i uvjeti rezervacija<\/strong><br data-start=\"162\" data-end=\"165\"><strong data-start=\"165\" data-end=\"208\">Sangulin Palace Hotel \u2013 \u0160ANGULIN d.o.o.<\/strong><\/p>\n<p data-start=\"210\" data-end=\"602\"><strong data-start=\"210\" data-end=\"233\">1. Pravna obavijest<\/strong><br data-start=\"233\" data-end=\"236\">Usluge smje\u0161taja pru\u017ea \u0160ANGULIN d.o.o., Kraljice Jelene 3, 23210 Biograd na Moru, Hrvatska, OIB: 52945228571, upisano u sudski registar Trgova\u010dkog suda u Zadru. Kontakt: <a class=\"decorated-link cursor-pointer\" rel=\"noopener\" data-start=\"406\" data-end=\"429\">info@sangulinpalace.com<\/a>. Kori\u0161tenjem ove web stranice i online sustava rezervacija gost potvr\u0111uje da je upoznat s ovim uvjetima te da ih u cijelosti prihva\u0107a.<\/p>\n<p data-start=\"604\" data-end=\"2464\"><strong data-start=\"604\" data-end=\"641\">2. Uvjeti kori\u0161tenja web stranice<\/strong><br data-start=\"641\" data-end=\"644\">Pristup web stranici Sangulin Palace Hotela i svim podacima objavljenima na njoj podlo\u017ean je sljede\u0107im uvjetima. Kori\u0161tenjem web stranice nakon otvaranja po\u010detne stranice smatra se da prihva\u0107ate ove uvjete kori\u0161tenja. Sav sadr\u017eaj objavljen na web stranici <a class=\"decorated-link\" href=\"http:\/\/www.sangulinpalace.com\" target=\"_new\" rel=\"noopener\" data-start=\"900\" data-end=\"922\">www.sangulinpalace.com<\/a> ne smije se distribuirati niti koristiti u komercijalne svrhe bez izri\u010ditog pisanog odobrenja dru\u0161tva \u0160ANGULIN d.o.o. Dokumenti, fotografije, podaci i informacije objavljeni na stranici namijenjeni su isklju\u010divo za osobnu upotrebu korisnika, uz obvezno po\u0161tivanje autorskih i srodnih prava sukladno propisima Republike Hrvatske. Zabranjena je reprodukcija, umno\u017eavanje ili distribucija dizajna, vizualnih elemenata, logotipa i ostalog za\u0161ti\u0107enog sadr\u017eaja bez prethodnog pisanog odobrenja dru\u0161tva \u0160ANGULIN d.o.o. Na ove uvjete primjenjuje se hrvatsko pravo, a za sve eventualne sporove nadle\u017ean je sud prema sjedi\u0161tu pru\u017eatelja usluge, osim ako zakonom nije druk\u010dije propisano. \u0160ANGULIN d.o.o. ne jam\u010di da su svi materijali na stranici prikladni ili dostupni za kori\u0161tenje izvan Republike Hrvatske te ne preuzima odgovornost za pristup sadr\u017eaju s teritorija na kojima je on zakonski zabranjen. Sve informacije na stranici objavljene su u dobroj vjeri, ali mo\u017ee do\u0107i do odstupanja u trenutku njihova kori\u0161tenja. Zbog toga se objavljene informacije ne smiju smatrati jedinim temeljem za dono\u0161enje va\u017enih osobnih ili poslovnih odluka. Web stranica mo\u017ee sadr\u017eavati poveznice na internetske stranice tre\u0107ih osoba nad \u010dijim sadr\u017eajem \u0160ANGULIN d.o.o. nema nadzor te ne odgovara za njihovu to\u010dnost, dostupnost ni eventualnu \u0161tetu nastalu njihovim kori\u0161tenjem. Slanje poruka putem elektroni\u010dke po\u0161te mo\u017ee biti nesigurno, zbog \u010dega \u0160ANGULIN d.o.o. ne mo\u017ee jam\u010diti potpunu sigurnost i privatnost takve komunikacije.<\/p>\n<p data-start=\"2466\" data-end=\"2507\"><strong data-start=\"2466\" data-end=\"2507\">3. Op\u0107i uvjeti rezervacije i kupovine<\/strong><\/p>\n<p data-start=\"2509\" data-end=\"2849\"><strong data-start=\"2509\" data-end=\"2539\">3.1 Rezervacije i pla\u0107anje<\/strong><br data-start=\"2539\" data-end=\"2542\">Rezervacije se mogu izvr\u0161iti putem web stranice hotela, e-mailom ili telefonom. Pla\u0107anje je mogu\u0107e va\u017ee\u0107im debitnim i kreditnim karticama prihva\u0107enima u trenutku rezervacije (Visa, Maestro, MasterCard, Diners), uplatom na transakcijski ra\u010dun ili gotovinom na recepciji.<\/p>\n<p data-start=\"2851\" data-end=\"3430\"><strong data-start=\"2851\" data-end=\"2889\">3.2 Politika naplate i otkazivanja<\/strong><br data-start=\"2889\" data-end=\"2892\">Akontacija za boravak napla\u0107uje se unaprijed u iznosu od 30% od ukupne cijene rezervacije. Rezervaciju je mogu\u0107e besplatno otkazati do 7 dana prije dolaska. U slu\u010daju otkaza unutar 7 dana prije dolaska zadr\u017eava se cjelokupan iznos akontacije. U slu\u010daju prijevremenog odlaska hotel zadr\u017eava pravo naplate ukupnog iznosa rezervacije za cijelo razdoblje boravka.<\/p>\n<p data-start=\"3432\" data-end=\"3650\"><strong data-start=\"3432\" data-end=\"3456\">3.3 Politika povrata<\/strong><br data-start=\"3456\" data-end=\"3459\">Povrat sredstava vr\u0161i se isklju\u010divo na karticu kojom je izvr\u0161eno pla\u0107anje. Rok povrata iznosi do 7 dana od zaprimanja zahtjeva odnosno odobrenja povrata.<\/p>\n<p data-start=\"3652\" data-end=\"3961\"><strong data-start=\"3652\" data-end=\"3678\">3.4 Pritu\u017ebe potro\u0161a\u010da<\/strong><br data-start=\"3678\" data-end=\"3681\">Gost mo\u017ee podnijeti pisanu pritu\u017ebu putem e-maila na <a class=\"decorated-link cursor-pointer\" rel=\"noopener\" data-start=\"3734\" data-end=\"3757\">info@sangulinpalace.com<\/a> ili po\u0161tom na adresu \u0160ANGULIN d.o.o., Kraljice Jelene 3, 23210 Biograd na Moru, Hrvatska. Odgovor na pritu\u017ebu bit \u0107e dostavljen u roku od 15 dana od dana zaprimanja.<\/p>\n<p data-start=\"3963\" data-end=\"4227\"><strong data-start=\"3963\" data-end=\"3989\">3.5 Rje\u0161avanje sporova<\/strong><br data-start=\"3989\" data-end=\"3992\">Na ove uvjete primjenjuje se hrvatsko pravo. Za rje\u0161avanje sporova nadle\u017ean je Trgova\u010dki sud u Zadru. Gost mo\u017ee koristiti i odgovaraju\u0107e alternativne EU platforme za rje\u0161avanje potro\u0161a\u010dkih sporova.<\/p>\n<p data-start=\"4229\" data-end=\"4443\"><strong data-start=\"4229\" data-end=\"4261\">3.6 Za\u0161tita osobnih podataka<\/strong><br data-start=\"4261\" data-end=\"4264\">Osobni podaci obra\u0111uju se u skladu s GDPR-om i va\u017ee\u0107im propisima Republike Hrvatske. Politika privatnosti dostupna je na web stranici hotela.<\/p>\n<p data-start=\"4445\" data-end=\"4487\"><strong data-start=\"4445\" data-end=\"4487\">4. Pravila cijena i uvjeti rezervacije<\/strong><\/p>\n<p data-start=\"4489\" data-end=\"4674\"><strong data-start=\"4489\" data-end=\"4516\">4.1 Jamstvo rezervacije<\/strong><br data-start=\"4516\" data-end=\"4519\">Za potvrdu rezervacije potrebna je va\u017ee\u0107a kreditna kartica. Prihva\u0107ene kartice su Visa, Maestro, MasterCard i Diners.<\/p>\n<p data-start=\"4676\" data-end=\"4870\"><strong data-start=\"4676\" data-end=\"4700\">4.2 Prijava i odjava<\/strong><br data-start=\"4700\" data-end=\"4703\">Prijava je mogu\u0107a od 14:00 sati na dan dolaska. Odjava je do 10:00 sati na dan odlaska. Kasna odjava mo\u017ee biti dodatno napla\u0107ena.<\/p>\n<p data-start=\"4872\" data-end=\"5211\"><strong data-start=\"4872\" data-end=\"4899\">4.3 Boravi\u0161na pristojba<\/strong><br data-start=\"4899\" data-end=\"4902\">Boravi\u0161na pristojba nije uklju\u010dena u cijenu smje\u0161taja i iznosi 1,50 \u20ac po osobi po danu. Djeca od 12 do 18 godina pla\u0107aju 50% iznosa boravi\u0161ne pristojbe. Djeca mla\u0111a od 12 godina i osobe s invaliditetom oslobo\u0111eni su pla\u0107anja. Boravi\u0161na pristojba podlo\u017ena je promjenama.<\/p>\n<p data-start=\"5213\" data-end=\"5534\"><strong data-start=\"5213\" data-end=\"5246\">4.4 Obra\u010dun i dodatne naplate<\/strong><br data-start=\"5246\" data-end=\"5249\">Kona\u010dni obra\u010dun vr\u0161i se na recepciji. Cijena rezervacije ovisi o datumu prijave i duljini boravka. U slu\u010daju odlaska bez podmirenja dodatnih tro\u0161kova, hotel zadr\u017eava pravo naknadne naplate sukladno pravilima karti\u010dne ku\u0107e i uvjetima rezervacije.<\/p>\n<p data-start=\"5536\" data-end=\"5813\"><strong data-start=\"5536\" data-end=\"5571\">4.5 Izmjena i otkaz rezervacije<\/strong><br data-start=\"5571\" data-end=\"5574\">Rezervacije se mogu izmijeniti online ili kontaktiranjem recepcije putem e-maila. Rezervacija vrijedi do 24:00 sata na dan dolaska. U slu\u010daju nedolaska gosta mo\u017ee se naplatiti puni iznos rezervacije.<\/p>\n<p data-start=\"5815\" data-end=\"6088\"><strong data-start=\"5815\" data-end=\"5838\">4.6 Prava i naplata<\/strong><br data-start=\"5838\" data-end=\"5841\">Postupak naplate i prava korisnika regulirani su pravilima banke ili karti\u010dne ku\u0107e. Hotel zadr\u017eava pravo odbiti, otkazati ili izmijeniti rezervaciju u slu\u010daju zlouporabe sustava ili o\u010dite pogre\u0161ke korisnika.<\/p>\n<p data-start=\"6090\" data-end=\"6180\"><strong data-start=\"6090\" data-end=\"6105\">4.7 Kontakt<\/strong><br data-start=\"6105\" data-end=\"6108\">E-mail: <a class=\"decorated-link cursor-pointer\" rel=\"noopener\" data-start=\"6116\" data-end=\"6139\">info@sangulinpalace.com<\/a>.<\/p>\n<p data-start=\"6182\" data-end=\"6377\"><strong data-start=\"6182\" data-end=\"6204\">5. Zavr\u0161ne odredbe<\/strong><br data-start=\"6204\" data-end=\"6207\">Ovi uvjeti primjenjuju se od dana objave na web stranici. \u0160ANGULIN d.o.o. zadr\u017eava pravo izmjene ovih uvjeta bez prethodne najave.<\/p>\t\t\t\t\t\t<\/div>\n\t\t\t\t<\/div>\n\t\t\t\t\t<\/div>\n\t\t<\/div>\n\t\t\t\t\t<\/div>\n\t\t<\/section>\n\t\t\t\t<\/div>\n\t\t","protected":false},"excerpt":{"rendered":"<p>Uvjeti kori\u0161tenja web stranice i op\u0107i uvjeti rezervacijaSangulin Palace Hotel \u2013 \u0160ANGULIN d.o.o. 1. Pravna obavijestUsluge smje\u0161taja pru\u017ea \u0160ANGULIN d.o.o., Kraljice Jelene 3, 23210 Biograd na Moru, Hrvatska, OIB: 52945228571, upisano u sudski registar Trgova\u010dkog suda u Zadru. Kontakt: info@sangulinpalace.com. Kori\u0161tenjem ove web stranice i online sustava rezervacija gost potvr\u0111uje da je upoznat s ovim [&hellip;]<\/p>\n","protected":false},"author":1,"featured_media":0,"parent":0,"menu_order":0,"comment_status":"closed","ping_status":"closed","template":"elementor_header_footer","meta":{"site-sidebar-layout":"no-sidebar","site-content-layout":"page-builder","ast-site-content-layout":"full-width-container","site-content-style":"unboxed","site-sidebar-style":"unboxed","ast-global-header-display":"","ast-banner-title-visibility":"","ast-main-header-display":"","ast-hfb-above-header-display":"","ast-hfb-below-header-display":"","ast-hfb-mobile-header-display":"","site-post-title":"disabled","ast-breadcrumbs-content":"","ast-featured-img":"disabled","footer-sml-layout":"","theme-transparent-header-meta":"","adv-header-id-meta":"","stick-header-meta":"","header-above-stick-meta":"","header-main-stick-meta":"","header-below-stick-meta":"","astra-migrate-meta-layouts":"default","ast-page-background-enabled":"default","ast-page-background-meta":{"desktop":{"background-color":"var(--ast-global-color-4)","background-image":"","background-repeat":"repeat","background-position":"center center","background-size":"auto","background-attachment":"scroll","background-type":"","background-media":"","overlay-type":"","overlay-color":"","overlay-gradient":""},"tablet":{"background-color":"","background-image":"","background-repeat":"repeat","background-position":"center center","background-size":"auto","background-attachment":"scroll","background-type":"","background-media":"","overlay-type":"","overlay-color":"","overlay-gradient":""},"mobile":{"background-color":"","background-image":"","background-repeat":"repeat","background-position":"center center","background-size":"auto","background-attachment":"scroll","background-type":"","background-media":"","overlay-type":"","overlay-color":"","overlay-gradient":""}},"ast-content-background-meta":{"desktop":{"background-color":"var(--ast-global-color-5)","background-image":"","background-repeat":"repeat","background-position":"center center","background-size":"auto","background-attachment":"scroll","background-type":"","background-media":"","overlay-type":"","overlay-color":"","overlay-gradient":""},"tablet":{"background-color":"var(--ast-global-color-5)","background-image":"","background-repeat":"repeat","background-position":"center center","background-size":"auto","background-attachment":"scroll","background-type":"","background-media":"","overlay-type":"","overlay-color":"","overlay-gradient":""},"mobile":{"background-color":"var(--ast-global-color-5)","background-image":"","background-repeat":"repeat","background-position":"center center","background-size":"auto","background-attachment":"scroll","background-type":"","background-media":"","overlay-type":"","overlay-color":"","overlay-gradient":""}},"footnotes":""},"_links":{"self":[{"href":"https:\/\/sangulinpalace.com\/hr\/wp-json\/wp\/v2\/pages\/1651"}],"collection":[{"href":"https:\/\/sangulinpalace.com\/hr\/wp-json\/wp\/v2\/pages"}],"about":[{"href":"https:\/\/sangulinpalace.com\/hr\/wp-json\/wp\/v2\/types\/page"}],"author":[{"embeddable":true,"href":"https:\/\/sangulinpalace.com\/hr\/wp-json\/wp\/v2\/users\/1"}],"replies":[{"embeddable":true,"href":"https:\/\/sangulinpalace.com\/hr\/wp-json\/wp\/v2\/comments?post=1651"}],"version-history":[{"count":12,"href":"https:\/\/sangulinpalace.com\/hr\/wp-json\/wp\/v2\/pages\/1651\/revisions"}],"predecessor-version":[{"id":1666,"href":"https:\/\/sangulinpalace.com\/hr\/wp-json\/wp\/v2\/pages\/1651\/revisions\/1666"}],"wp:attachment":[{"href":"https:\/\/sangulinpalace.com\/hr\/wp-json\/wp\/v2\/media?parent=1651"}],"curies":[{"name":"wp","href":"https:\/\/api.w.org\/{rel}","templated":true}]}}